{"id":2568,"date":"2017-04-30T20:48:43","date_gmt":"2017-04-30T18:48:43","guid":{"rendered":"http:\/\/miel-de-printemps.net\/WordPress3\/?page_id=2568"},"modified":"2017-05-01T21:06:31","modified_gmt":"2017-05-01T19:06:31","slug":"teddy-xiv-lexpo","status":"publish","type":"page","link":"http:\/\/miel-de-printemps.net\/WordPress3\/?page_id=2568","title":{"rendered":"Teddy XIV &#8211; l&rsquo;Expo"},"content":{"rendered":"<p>&nbsp;<\/p>\n<hr align=\"left\" \/>\n<h1><strong>INTRODUCTION<\/strong><\/h1>\n<hr \/>\n<h3>Miel de Printemps produit des images f\u00e9\u00e9riques et satiriques r\u00e9guli\u00e8rement expos\u00e9es dans des foires internationales de photographies :<\/h3>\n<ul>\n<li>Mois de la Photo Grand Paris 2017<\/li>\n<li>Les rencontres d\u2019Arles 2016 &#8211; Exposition Photo Roman (Havas Gallery)<\/li>\n<li>Galleria Moscou durant la bi\u00e9nnale internationale de Moscou<\/li>\n<\/ul>\n<h3>Et des \u00e9v\u00e9nements nationaux :<\/h3>\n<ul>\n<li>Journ\u00e9es du patrimoine \u00e0 la Citadelle de Vauban de Blaye &#8211; Couvent des Minimes et Cloitre<\/li>\n<li>Miel de Printemps est aussi pr\u00e9sent dans la biblioth\u00e8que\u00a0de la Maison Europ\u00e9enne de la photographie (M.E.P)<\/li>\n<li>Pr\u00e9sent\u00e9\u00a0par la Havas Gallery\u00a0durant\u00a0le\u00a0Mois de la Photo Grand Paris 2017<\/li>\n<\/ul>\n<h3>En plus de d&rsquo;exposer le travail de Miel de Printemps, nous avons \u00e0 ce jour une communaut\u00e9 <a href=\"https:\/\/www.instagram.com\/mieldeprintemps\/\">instagram<\/a> de plus de 4000 personnes et un cumul de 25 000 \u00ab\u00a0j&rsquo;aimes\u00a0\u00bb<a href=\"http:\/\/miel-de-printemps.net\/WordPress3\/wp-content\/uploads\/2017\/04\/instagram-Logo-PNG-Transparent-Background-download.png\" data-rel=\"lightbox-image-0\" data-rl_title=\"\" data-rl_caption=\"\" title=\"\"><img loading=\"lazy\" decoding=\"async\" class=\"wp-image-2637 alignleft\" src=\"http:\/\/miel-de-printemps.net\/WordPress3\/wp-content\/uploads\/2017\/04\/instagram-Logo-PNG-Transparent-Background-download.png\" alt=\"instagram-Logo-PNG-Transparent-Background-download\" width=\"127\" height=\"127\" data-id=\"2637\" srcset=\"http:\/\/miel-de-printemps.net\/WordPress3\/wp-content\/uploads\/2017\/04\/instagram-Logo-PNG-Transparent-Background-download.png 1000w, http:\/\/miel-de-printemps.net\/WordPress3\/wp-content\/uploads\/2017\/04\/instagram-Logo-PNG-Transparent-Background-download-150x150.png 150w, http:\/\/miel-de-printemps.net\/WordPress3\/wp-content\/uploads\/2017\/04\/instagram-Logo-PNG-Transparent-Background-download-300x300.png 300w, http:\/\/miel-de-printemps.net\/WordPress3\/wp-content\/uploads\/2017\/04\/instagram-Logo-PNG-Transparent-Background-download-768x768.png 768w, http:\/\/miel-de-printemps.net\/WordPress3\/wp-content\/uploads\/2017\/04\/instagram-Logo-PNG-Transparent-Background-download-600x600.png 600w, http:\/\/miel-de-printemps.net\/WordPress3\/wp-content\/uploads\/2017\/04\/instagram-Logo-PNG-Transparent-Background-download-940x940.png 940w\" sizes=\"(max-width: 127px) 100vw, 127px\" \/><\/a><\/h3>\n<p>&nbsp;<\/p>\n<p>Le propos de Miel de Printemps est d\u2019interchanger les \u00eatres humains avec des ours en peluche qui agissent dans la vie courante ou au coeur de situations embl\u00e9matiques. Le duo de photographe Miel de Printemps a produits des centaines d\u2019images \u00e0 d\u00e9vorer des yeux pour toutes les g\u00e9n\u00e9rations ; chaque tranche d\u2019\u00e2ge y trouvant un sens et un humour doux ou acide.<\/p>\n<p>&nbsp;<\/p>\n<hr \/>\n<h1><strong>La S\u00e9rie Teddy XIV<\/strong><\/h1>\n<hr \/>\n<p>C\u2019est dans le cadre historique de Joaoenia, La maison de l\u2019Infante \u00e0 Saint Jean de Luz, que Miel de Printemps a con\u00e7u 12 images avec les apparats du XIVe si\u00e8cle. L\u2019ourson Teddy XIV est perruqu\u00e9, par\u00e9 de jabots et bijoux en compagnie de son \u00e9pouse l\u2019Infante Marie Th\u00e9r\u00e8se d\u2019Autriche; \u00e0 la mode de son \u00e9poque, orn\u00e9e d\u2019un collier de perles engonc\u00e9 dans sa fourrure.<\/p>\n<p>Le couple n\u2019est pas seul. Le dauphin de France tout juste n\u00e9 et le cardinal Mazarin sont pr\u00e9sents.<\/p>\n<p>&nbsp;<\/p>\n<p><div class=\"ezcol ezcol-one-third\"><img loading=\"lazy\" decoding=\"async\" class=\"alignnone wp-image-2588 size-full\" src=\"http:\/\/miel-de-printemps.net\/WordPress3\/wp-content\/uploads\/2017\/04\/pitch-investisseurs2-1.png\" width=\"1357\" height=\"3206\" data-id=\"2584\" srcset=\"http:\/\/miel-de-printemps.net\/WordPress3\/wp-content\/uploads\/2017\/04\/pitch-investisseurs2-1.png 1357w, http:\/\/miel-de-printemps.net\/WordPress3\/wp-content\/uploads\/2017\/04\/pitch-investisseurs2-1-127x300.png 127w, http:\/\/miel-de-printemps.net\/WordPress3\/wp-content\/uploads\/2017\/04\/pitch-investisseurs2-1-768x1814.png 768w, http:\/\/miel-de-printemps.net\/WordPress3\/wp-content\/uploads\/2017\/04\/pitch-investisseurs2-1-433x1024.png 433w, http:\/\/miel-de-printemps.net\/WordPress3\/wp-content\/uploads\/2017\/04\/pitch-investisseurs2-1-600x1418.png 600w, http:\/\/miel-de-printemps.net\/WordPress3\/wp-content\/uploads\/2017\/04\/pitch-investisseurs2-1-940x2221.png 940w\" sizes=\"(max-width: 1357px) 100vw, 1357px\" \/><\/div> <div class=\"ezcol ezcol-two-third ezcol-last\"><div id=\"metaslider-id-2504\" style=\"max-width: 960px; margin: 0 auto;\" class=\"ml-slider-3-91-0 metaslider metaslider-responsive metaslider-2504 ml-slider ms-theme-outline has-dots-nav\" role=\"region\" aria-roledescription=\"Slideshow\" aria-label=\"Teddy XIV\">\n    <div id=\"metaslider_container_2504\">\n        <ul id='metaslider_2504' class='rslides'>\n            <li aria-roledescription='slide' aria-labelledby='slide-0'><img loading=\"lazy\" decoding=\"async\" src=\"http:\/\/miel-de-printemps.net\/WordPress3\/wp-content\/uploads\/2016\/12\/louis-sceptre.jpg\" height=\"500\" width=\"960\" alt=\"\" class=\"slider-2504 slide-2512\" \/><\/li>\n            <li style='display: none;' aria-roledescription='slide' aria-labelledby='slide-1'><img loading=\"lazy\" decoding=\"async\" src=\"http:\/\/miel-de-printemps.net\/WordPress3\/wp-content\/uploads\/2016\/12\/duel.jpg\" height=\"500\" width=\"960\" alt=\"\" class=\"slider-2504 slide-2509\" \/><\/li>\n            <li style='display: none;' aria-roledescription='slide' aria-labelledby='slide-2'><img loading=\"lazy\" decoding=\"async\" src=\"http:\/\/miel-de-printemps.net\/WordPress3\/wp-content\/uploads\/2016\/12\/groupe-jeu-e1481746819894-800x416.jpg\" height=\"500\" width=\"960\" alt=\"\" class=\"slider-2504 slide-2510\" \/><\/li>\n            <li style='display: none;' aria-roledescription='slide' aria-labelledby='slide-3'><img loading=\"lazy\" decoding=\"async\" src=\"http:\/\/miel-de-printemps.net\/WordPress3\/wp-content\/uploads\/2016\/12\/bapteme-slide.jpg\" height=\"500\" width=\"960\" alt=\"\" class=\"slider-2504 slide-2556\" \/><\/li>\n            <li style='display: none;' aria-roledescription='slide' aria-labelledby='slide-4'><img loading=\"lazy\" decoding=\"async\" src=\"http:\/\/miel-de-printemps.net\/WordPress3\/wp-content\/uploads\/2016\/12\/louis-fauteuil.jpg\" height=\"500\" width=\"960\" alt=\"\" class=\"slider-2504 slide-2511\" \/><\/li>\n            <li style='display: none;' aria-roledescription='slide' aria-labelledby='slide-5'><img loading=\"lazy\" decoding=\"async\" src=\"http:\/\/miel-de-printemps.net\/WordPress3\/wp-content\/uploads\/2016\/12\/mazarin-slider.jpg\" height=\"500\" width=\"960\" alt=\"\" class=\"slider-2504 slide-2558\" \/><\/li>\n        <\/ul>\n        \n    <\/div>\n<\/div><\/div><div class=\"ezcol-divider\"><\/div><\/p>\n<p>&nbsp;<\/p>\n<hr \/>\n<h1><strong>Pourquoi vous ?<\/strong><\/h1>\n<hr \/>\n<p>La s\u00e9rie Teddy XIV est une partie du corpus d\u2019images de Miel de Printemps. Chaque cr\u00e9ation de s\u00e9rie peut r\u00e9pondre \u00e0 :<div class=\"ezcol ezcol-one-quarter\">\n<ul>\n<li>un fait d\u2019actualit\u00e9<\/li>\n<li>refl\u00e9ter l\u2019esprit d\u2019un lieu<\/li>\n<li>d\u2019un groupe social<\/li>\n<li>s\u2019adapter \u00e0 n\u2019importe quelle tranche d\u2019\u00e2ge<\/li>\n<\/ul>\n<\/div><br \/>\n<div class=\"ezcol ezcol-one-quarter\"><a href=\"http:\/\/miel-de-printemps.net\/WordPress3\/wp-content\/uploads\/2017\/04\/alin\u00e9a.png\" data-rel=\"lightbox-image-1\" data-rl_title=\"\" data-rl_caption=\"\" title=\"\"><img loading=\"lazy\" decoding=\"async\" class=\"alignnone size-full wp-image-2601\" src=\"http:\/\/miel-de-printemps.net\/WordPress3\/wp-content\/uploads\/2017\/04\/alin\u00e9a.png\" alt=\"alin\u00e9a\" width=\"49\" height=\"186\" data-id=\"2601\" \/><\/a><\/div><br \/>\n<div class=\"ezcol ezcol-one-quarter\">Dans n&rsquo;importe quel pays du monde<\/div> <div class=\"ezcol ezcol-one-quarter ezcol-last\"><\/div><div class=\"ezcol-divider\"><\/div><\/p>\n<h3>Aujourd\u2019hui, nous avons d\u00e9cid\u00e9 de mettre Miel de Printemps au service d\u2019une cause importante :<\/h3>\n<ul>\n<li>Apporter soutien et joie aux enfants hospitalis\u00e9s au Pays Basque<\/li>\n<li>Collaborer avec nos contributeurs pour donner une direction caritative aux actions de Miel de Printemps<\/li>\n<\/ul>\n<p>En <b>vous<\/b> conviant \u00e0 notre processus cr\u00e9atif, nous parviendons faire de Miel de Printemps un acteur incontournable pour les actions caritatives <b>\u00e0 la faveur des enfants hospitalis\u00e9s.<\/b><\/p>\n<p>&nbsp;<\/p>\n<hr \/>\n<h1><strong>Comment cela va fonctionner ?<\/strong><\/h1>\n<hr \/>\n<p>Nous\u00a0 avons cr\u00e9e un groupe Facebook pour tous les donnateurs. Dans ce groupe nous partagerons nos id\u00e9es au fil des jours, et vous pourrez \u00e9galement publier <b>les v\u00f4tres <\/b>; indiquer vos pr\u00e9f\u00e9rences sur nos personnages, \u00e9voquer de nouvelles id\u00e9es pour guider les futures cr\u00e9ations de Miel de Printemps afin de voir de nouvelles images proches de ce qui compte pour vous.<\/p>\n<h4>Si vous n\u2019avez pas de compte Facebook,<\/h4>\n<p>il sera tout a fait possible de vous impliquer dans notre aventure d\u2019une autre fa\u00e7on.<br \/>\nNotre seuil de financement minimum\u00a0pour la fabrication de 20 tirages fine art grand format est de \u00a05 345 \u00a0\u20ac pour r\u00e9aliser l\u2019exposition Teddy XIV. Cela peut sembler \u00e9lev\u00e9, mais cette somme est faible en comparaison des fiancements lev\u00e9es pour les enfants hospitalis\u00e9s (Pi\u00e8ces jaunes,\u00a0Petits Princes,\u00a0Sparadra, Apache, etc&#8230; ) et nous sommes une petite \u00e9quipe de 4 personnes.<\/p>\n<p>La fabrication des images est extr\u00e8mement chronophage et requiert un \u00e9quipement on\u00e9reux. Gr\u00e2ce \u00e0 notre passion pour l\u2019image et notre maitrise de la post-production, nous obtenons un rendu photographique d\u2019excellente qualit\u00e9 et une vitesse d\u2019ex\u00e9cution comparable aux meilleurs studios de Paris.<\/p>\n<p>&nbsp;<\/p>\n<hr \/>\n<h1><strong>Notre ambition<\/strong><\/h1>\n<hr \/>\n<p>Miel de Printemps est n\u00e9 d\u2019une pure passion pour l\u2019imaginaire d\u2019un duo de photographes assez fou pour investir un temps incalcuable dans la cr\u00e9ation d\u2019un monde peupl\u00e9 d\u2019ours en peluche qui pensent et vivent comme des humains.<\/p>\n<p>Apr\u00e8s avoir travaill\u00e9 si longtemps dans l\u2019ombre, il fut tr\u00e8s satisfaisant d\u2019\u00eatre repr\u00e9sent\u00e9s \u00e0 Moscou, aux journ\u00e9es du patrimoine en France, \u00e0 Arles et au Mois de la Photo Grand Paris<\/p>\n<p>Nous sommes plus que jamais confiants dans l\u2019avenir de Miel de Printemps.<\/p>\n\n        <style type='text\/css'>\n            #gallery-1 {\n                margin: auto;\n            }\n            #gallery-1 .gallery-item {\n                float: left;\n                margin-top: 10px;\n                text-align: center;\n                width: 33%;\n            }\n            #gallery-1 img {\n                border: 2px solid #cfcfcf;\n            }\n            #gallery-1 .gallery-caption {\n                margin-left: 0;\n            }\n        <\/style>\n        <!-- see gallery_shortcode() in wp-includes\/media.php -->\n\t\t<div id='gallery-1' class='gallery galleryid-2568 gallery-columns-3 gallery-size-gallery-thumb'><dl class='gallery-item'>\n            <dt class='gallery-icon'>\n                <a href='http:\/\/miel-de-printemps.net\/WordPress3\/wp-content\/uploads\/2016\/12\/c.de_.curiosites.jpg' title=\"\" data-rl_title=\"\" class=\"rl-gallery-link\" data-rl_caption=\"\" data-rel=\"lightbox-gallery-0\"><img loading=\"lazy\" decoding=\"async\" width=\"480\" height=\"400\" src=\"http:\/\/miel-de-printemps.net\/WordPress3\/wp-content\/uploads\/2016\/12\/c.de_.curiosites-480x400.jpg\" class=\"attachment-gallery-thumb size-gallery-thumb\" alt=\"\" \/><\/a>\n            <\/dt><\/dl><dl class='gallery-item'>\n            <dt class='gallery-icon'>\n                <a href='http:\/\/miel-de-printemps.net\/WordPress3\/wp-content\/uploads\/2016\/12\/havas-gallery.jpg' title=\"\" data-rl_title=\"\" class=\"rl-gallery-link\" data-rl_caption=\"\" data-rel=\"lightbox-gallery-0\"><img loading=\"lazy\" decoding=\"async\" width=\"480\" height=\"400\" src=\"http:\/\/miel-de-printemps.net\/WordPress3\/wp-content\/uploads\/2016\/12\/havas-gallery-480x400.jpg\" class=\"attachment-gallery-thumb size-gallery-thumb\" alt=\"\" \/><\/a>\n            <\/dt><\/dl><dl class='gallery-item'>\n            <dt class='gallery-icon'>\n                <a href='http:\/\/miel-de-printemps.net\/WordPress3\/wp-content\/uploads\/2016\/12\/manchette-miel-livre.jpg' title=\"\" data-rl_title=\"\" class=\"rl-gallery-link\" data-rl_caption=\"\" data-rel=\"lightbox-gallery-0\"><img loading=\"lazy\" decoding=\"async\" width=\"480\" height=\"400\" src=\"http:\/\/miel-de-printemps.net\/WordPress3\/wp-content\/uploads\/2016\/12\/manchette-miel-livre-480x400.jpg\" class=\"attachment-gallery-thumb size-gallery-thumb\" alt=\"\" srcset=\"http:\/\/miel-de-printemps.net\/WordPress3\/wp-content\/uploads\/2016\/12\/manchette-miel-livre-480x400.jpg 480w, http:\/\/miel-de-printemps.net\/WordPress3\/wp-content\/uploads\/2016\/12\/manchette-miel-livre-300x251.jpg 300w\" sizes=\"(max-width: 480px) 100vw, 480px\" \/><\/a>\n            <\/dt><\/dl><br style=\"clear: both\" \/>\n            <br style='clear: both;' \/>\n        <\/div>\n\n<p>&nbsp;<\/p>\n<p>Notre base de travail est syst\u00e9matis\u00e9e, mais nous avons aujourd\u2019hui <b>besoin de vous <\/b>pour cr\u00e9er un studio photographique plus perfectionn\u00e9, capable de produire des images encore plus audacieuses qui repr\u00e9senteront meilleures id\u00e9es de notre communaut\u00e9 de contributeurs.<\/p>\n<p>Nous avons travaill\u00e9 sans m\u00e9nager notre temps et notre \u00e9nergie pour constituer le corpus d\u2019images ici pr\u00e9sent, et nous n\u2019avons pas de doute quant \u00e0 l\u2019enthousiame que nous pouvons partager \u00e0 faire de Miel de Printemps un merveilleux outil pour soulager l\u2019enfance hospitalis\u00e9e.<\/p>\n<p>De notre c\u00f4t\u00e9, nous sommes pr\u00eats \u00e0 tout donner pour relever le d\u00e9fi avec votre aide.<\/p>\n<hr \/>\n<h1><strong>Voici comment les fonds r\u00e9colt\u00e9s seront utilis\u00e9s :<\/strong><\/h1>\n<hr \/>\n<p><strong>Les 20\u00a0tirages de l&rsquo;exposition :\u00a0<\/strong><\/p>\n<ul>\n<li>130 x 100 cm Impression deep crystal plexi brillant \/\/ et impression sur aluminium 3mm 80 x 100 cm (voir les prix plus hauts)<\/li>\n<li>Cimaises et installation<\/li>\n<\/ul>\n<h3>Si par grand bonheur notre action \u00e9tait financ\u00e9e au del\u00e0 des 10 000 \u20ac \ud83d\ude42<\/h3>\n<p><strong>Nous produirons une nouvelle s\u00e9rie\u00a0 pour chaque 5 000 \u20ac engrang\u00e9s et chaque nouvelle s\u00e9rie nous rapprochera de nouveaux investisseurs et feront de Miel de Printemps un acteur important pour la lev\u00e9e de fonds caritatifs au b\u00e9n\u00e9fice des enfants hospitalis\u00e9s<\/strong><\/p>\n<p><span style=\"text-decoration: underline;\">Nous avons d\u00e9fini plusieurs buts flexibles afin de vous expliquer ce que nous avons en t\u00eate<\/span> :<\/p>\n<div class=\"ezcol ezcol-one-half\">\n<h1>5 345 \u20ac<\/h1>\n<p><a href=\"http:\/\/miel-de-printemps.net\/WordPress3\/wp-content\/uploads\/2017\/05\/profils-oursons-05.png\" data-rel=\"lightbox-image-5\" data-rl_title=\"\" data-rl_caption=\"\" title=\"\"><img loading=\"lazy\" decoding=\"async\" class=\"alignnone wp-image-2661\" src=\"http:\/\/miel-de-printemps.net\/WordPress3\/wp-content\/uploads\/2017\/05\/profils-oursons-05.png\" alt=\"profils oursons-05\" width=\"176\" height=\"248\" data-id=\"2661\" srcset=\"http:\/\/miel-de-printemps.net\/WordPress3\/wp-content\/uploads\/2017\/05\/profils-oursons-05.png 525w, http:\/\/miel-de-printemps.net\/WordPress3\/wp-content\/uploads\/2017\/05\/profils-oursons-05-213x300.png 213w\" sizes=\"(max-width: 176px) 100vw, 176px\" \/><\/a><\/div> <div class=\"ezcol ezcol-one-half ezcol-last\">\n<p>&nbsp;<\/p>\n<p>&nbsp;<\/p>\n<p>Exposition dans la Salle de Poutres de la s\u00e9rie Teddy XIV<\/div><div class=\"ezcol-divider\"><\/div><\/p>\n<p>&nbsp;<\/p>\n<hr \/>\n<div class=\"ezcol ezcol-one-half\">\n<h1>10 000\u20ac<\/h1>\n<p><a href=\"http:\/\/miel-de-printemps.net\/WordPress3\/wp-content\/uploads\/2017\/05\/profils-oursons-06.png\" data-rel=\"lightbox-image-6\" data-rl_title=\"\" data-rl_caption=\"\" title=\"\"><img loading=\"lazy\" decoding=\"async\" class=\"alignnone wp-image-2662\" src=\"http:\/\/miel-de-printemps.net\/WordPress3\/wp-content\/uploads\/2017\/05\/profils-oursons-06.png\" alt=\"profils oursons-06\" width=\"266\" height=\"391\" data-id=\"2662\" srcset=\"http:\/\/miel-de-printemps.net\/WordPress3\/wp-content\/uploads\/2017\/05\/profils-oursons-06.png 525w, http:\/\/miel-de-printemps.net\/WordPress3\/wp-content\/uploads\/2017\/05\/profils-oursons-06-204x300.png 204w\" sizes=\"(max-width: 266px) 100vw, 266px\" \/><\/a><\/p>\n<h1><\/div><\/h1>\n<div class=\"ezcol ezcol-one-half ezcol-last\">\n<ul>\n<li>Story Boarding<\/li>\n<li>10 \u00e0 14 images suppl\u00e9mentaires<\/li>\n<li>D\u00e9veloppement du concept consistant \u00e0 remplacer les hommes par des ours<\/li>\n<li><strong>Fabrication de produits d\u00e9riv\u00e9s :<\/strong>\n<ul>\n<li>1000 Blocs notes format A5 (2 275 \u20ac)<\/li>\n<li>200 Posters format A2 (200 \u20ac)<\/li>\n<li>200 Sacs de coton 42 x 38 cm (537 \u20ac)<\/li>\n<li>100 Mugs (965 \u20ac)<\/li>\n<li>500 Magnets (179 \u20ac)<\/li>\n<li>1000 marques page (126 \u20ac)<\/li>\n<\/ul>\n<\/div><div class=\"ezcol-divider\"><\/div><\/li>\n<\/ul>\n<hr \/>\n<div class=\"ezcol ezcol-one-half\">\n<h1>15 000\u20ac<\/h1>\n<h1><a href=\"http:\/\/miel-de-printemps.net\/WordPress3\/wp-content\/uploads\/2017\/05\/profils-oursons-07.png\" data-rel=\"lightbox-image-7\" data-rl_title=\"\" data-rl_caption=\"\" title=\"\"><img loading=\"lazy\" decoding=\"async\" class=\"alignnone  wp-image-2663\" src=\"http:\/\/miel-de-printemps.net\/WordPress3\/wp-content\/uploads\/2017\/05\/profils-oursons-07.png\" alt=\"profils oursons-07\" width=\"404\" height=\"375\" data-id=\"2663\" srcset=\"http:\/\/miel-de-printemps.net\/WordPress3\/wp-content\/uploads\/2017\/05\/profils-oursons-07.png 833w, http:\/\/miel-de-printemps.net\/WordPress3\/wp-content\/uploads\/2017\/05\/profils-oursons-07-300x279.png 300w, http:\/\/miel-de-printemps.net\/WordPress3\/wp-content\/uploads\/2017\/05\/profils-oursons-07-768x714.png 768w, http:\/\/miel-de-printemps.net\/WordPress3\/wp-content\/uploads\/2017\/05\/profils-oursons-07-600x558.png 600w\" sizes=\"(max-width: 404px) 100vw, 404px\" \/><\/a><\/h1>\n<h1><\/div><\/h1>\n<div class=\"ezcol ezcol-one-half ezcol-last\">\n<ul>\n<li>15 \u00e0 21 images suppl\u00e9mentaires<\/li>\n<li>Achat d\u2019un boitier moyen format (Hasselblad ou Pentax) et de nouvelles lentilles<\/div><div class=\"ezcol-divider\"><\/div><\/li>\n<\/ul>\n<h1><\/h1>\n<h1><strong>L&rsquo;\u00e9quipe<\/strong><\/h1>\n<h3><img loading=\"lazy\" decoding=\"async\" class=\"size-full wp-image-2621 alignleft\" src=\"http:\/\/miel-de-printemps.net\/WordPress3\/wp-content\/uploads\/2017\/04\/equipe.png\" alt=\"equipe\" width=\"149\" height=\"149\" data-id=\"2621\" \/><strong>V\u00e9ronique Peres Domergue <\/strong><\/h3>\n<p>Basque de souche, forte d\u2019une exp\u00e9rience acquise en tant qu\u2019agent de photographes depuis 20 ans.\u00a0Plusieurs photographes influents des derni\u00e8res g\u00e9n\u00e9rations, n\u2019ont pas \u00e9chapp\u00e9 \u00e0 son oeil expert, sollicit\u00e9 pour des campagnes publicitaires dont certaines ont \u00e9t\u00e9 prim\u00e9es au festival de la publicit\u00e9 \u00e0 Cannes : Kooka\u00ef, Vuitton, Tag Heuer, Volkswagen, Audi, etc&#8230;<br \/>\nSa vocation est d\u2019exposer les oeuvres des artistes en land art, au c\u0153ur de plusieurs lieux d\u2019exception : Citadelle de Vauban,<br \/>\nJardin Botanique de Bordeaux, Jardins du Centre National de la<br \/>\nPhotographie \u00e0 Paris, Galleria \u00e0 Moscou.<br \/>\nEn 2010, 2011, 2012 : <strong>Expositions de Miel de Printemps<\/strong><\/p>\n<p>&nbsp;<\/p>\n<h3><img loading=\"lazy\" decoding=\"async\" class=\"size-full wp-image-2628 alignright\" src=\"http:\/\/miel-de-printemps.net\/WordPress3\/wp-content\/uploads\/2017\/04\/equipe2.png\" alt=\"equipe2\" width=\"149\" height=\"149\" data-id=\"2628\" \/><strong>Caroline Jeannin<\/strong><\/h3>\n<p>Originaire du Pays Basque, passionn\u00e9e de graphisme depuis l\u2019adolescence Caroline Jeannin \u00a0choisit \u00a0un cursus universitaire et retourne au contact du graphisme et de la photographie en autodidacte. Elle rencontre VPD, l\u2019agent des principaux noms de la photographie de\u00a0nature morte anglo-saxone et se trouve influenc\u00e9e \u00a0par l\u2019excellence de V\u00e9ronique et de ses photographes. Quatre ans plus tard, \u00a0Caroline s\u2019engage totalement \u00a0en qualit\u00e9 de graphic designer pour divers projets en collaboration avec l\u2019agence VPD \u00a0dont la Bear &amp; Breakfast Gallery, Les exhibitions en Land Art, le design de mobilier urbain et surtout l\u2019entit\u00e9 \u00ab Miel de Printemps \u00bb qui laisse libre cours \u00e0 la passion de Caroline pour les jeux de volumes, de couleurs et de lumi\u00e8res.<\/p>\n<p>&nbsp;<\/p>\n<p><a href=\"http:\/\/miel-de-printemps.net\/WordPress3\/wp-content\/uploads\/2017\/04\/pitch-investisseurs6.png\" data-rel=\"lightbox-image-8\" data-rl_title=\"\" data-rl_caption=\"\" title=\"\"><img loading=\"lazy\" decoding=\"async\" class=\"alignnone size-full wp-image-2630\" src=\"http:\/\/miel-de-printemps.net\/WordPress3\/wp-content\/uploads\/2017\/04\/pitch-investisseurs6.png\" alt=\"pitch-investisseurs6\" width=\"2480\" height=\"3508\" data-id=\"2630\" srcset=\"http:\/\/miel-de-printemps.net\/WordPress3\/wp-content\/uploads\/2017\/04\/pitch-investisseurs6.png 2480w, http:\/\/miel-de-printemps.net\/WordPress3\/wp-content\/uploads\/2017\/04\/pitch-investisseurs6-212x300.png 212w, http:\/\/miel-de-printemps.net\/WordPress3\/wp-content\/uploads\/2017\/04\/pitch-investisseurs6-768x1086.png 768w, http:\/\/miel-de-printemps.net\/WordPress3\/wp-content\/uploads\/2017\/04\/pitch-investisseurs6-724x1024.png 724w, http:\/\/miel-de-printemps.net\/WordPress3\/wp-content\/uploads\/2017\/04\/pitch-investisseurs6-600x849.png 600w, http:\/\/miel-de-printemps.net\/WordPress3\/wp-content\/uploads\/2017\/04\/pitch-investisseurs6-940x1330.png 940w\" sizes=\"(max-width: 2480px) 100vw, 2480px\" \/><\/a><\/p>\n<p>&nbsp;<\/p>\n","protected":false},"excerpt":{"rendered":"<p>&nbsp; INTRODUCTION Miel de Printemps produit des images f\u00e9\u00e9riques et satiriques r\u00e9guli\u00e8rement expos\u00e9es dans des foires internationales de photographies : Mois de la Photo Grand Paris 2017 Les rencontres d\u2019Arles\u2026 <span class=\"read-btn\"><a class=\"read-more\" href=\"http:\/\/miel-de-printemps.net\/WordPress3\/?page_id=2568\">Read More &rarr;<\/a><\/span><\/p>\n","protected":false},"author":1,"featured_media":0,"parent":0,"menu_order":0,"comment_status":"closed","ping_status":"closed","template":"","meta":{"footnotes":""},"class_list":["post-2568","page","type-page","status-publish","hentry"],"_links":{"self":[{"href":"http:\/\/miel-de-printemps.net\/WordPress3\/index.php?rest_route=\/wp\/v2\/pages\/2568"}],"collection":[{"href":"http:\/\/miel-de-printemps.net\/WordPress3\/index.php?rest_route=\/wp\/v2\/pages"}],"about":[{"href":"http:\/\/miel-de-printemps.net\/WordPress3\/index.php?rest_route=\/wp\/v2\/types\/page"}],"author":[{"embeddable":true,"href":"http:\/\/miel-de-printemps.net\/WordPress3\/index.php?rest_route=\/wp\/v2\/users\/1"}],"replies":[{"embeddable":true,"href":"http:\/\/miel-de-printemps.net\/WordPress3\/index.php?rest_route=%2Fwp%2Fv2%2Fcomments&post=2568"}],"version-history":[{"count":93,"href":"http:\/\/miel-de-printemps.net\/WordPress3\/index.php?rest_route=\/wp\/v2\/pages\/2568\/revisions"}],"predecessor-version":[{"id":2678,"href":"http:\/\/miel-de-printemps.net\/WordPress3\/index.php?rest_route=\/wp\/v2\/pages\/2568\/revisions\/2678"}],"wp:attachment":[{"href":"http:\/\/miel-de-printemps.net\/WordPress3\/index.php?rest_route=%2Fwp%2Fv2%2Fmedia&parent=2568"}],"curies":[{"name":"wp","href":"https:\/\/api.w.org\/{rel}","templated":true}]}}