{"id":2436,"date":"2016-12-14T13:40:06","date_gmt":"2016-12-14T12:40:06","guid":{"rendered":"http:\/\/miel-de-printemps.net\/WordPress3\/?page_id=2436"},"modified":"2016-12-14T16:43:58","modified_gmt":"2016-12-14T15:43:58","slug":"2436-2","status":"publish","type":"page","link":"http:\/\/miel-de-printemps.net\/WordPress3\/?page_id=2436","title":{"rendered":"Les rencontres d&rsquo;Arles 2016"},"content":{"rendered":"<h1 style=\"text-align: center;\"><\/h1>\n<hr \/>\n<h1 style=\"text-align: center;\"><\/h1>\n<h1 style=\"text-align: center;\">\u00a0Miel de Pintemps dans le cabinet de curiosit\u00e9s pour l&rsquo;exposition Photo-Roman de la <em>Havas Gallery<\/em>\u00a0pour les rencontres d&rsquo;Arles 2016<\/h1>\n<p style=\"text-align: center;\">Merci \u00e0 Thierry Grouleaud et S\u00e9verine Morel<\/p>\n<p>&nbsp;<\/p>\n\n        <style type='text\/css'>\n            #gallery-1 {\n                margin: auto;\n            }\n            #gallery-1 .gallery-item {\n                float: left;\n                margin-top: 10px;\n                text-align: center;\n                width: 33%;\n            }\n            #gallery-1 img {\n                border: 2px solid #cfcfcf;\n            }\n            #gallery-1 .gallery-caption {\n                margin-left: 0;\n            }\n        <\/style>\n        <!-- see gallery_shortcode() in wp-includes\/media.php -->\n\t\t<div id='gallery-1' class='gallery galleryid-2436 gallery-columns-3 gallery-size-gallery-thumb'><dl class='gallery-item'>\n            <dt class='gallery-icon'>\n                <a href='http:\/\/miel-de-printemps.net\/WordPress3\/wp-content\/uploads\/2016\/12\/c.de_.curiosites.jpg' title=\"\" data-rl_title=\"\" class=\"rl-gallery-link\" data-rl_caption=\"\" data-rel=\"lightbox-gallery-0\"><img loading=\"lazy\" decoding=\"async\" width=\"480\" height=\"400\" src=\"http:\/\/miel-de-printemps.net\/WordPress3\/wp-content\/uploads\/2016\/12\/c.de_.curiosites-480x400.jpg\" class=\"attachment-gallery-thumb size-gallery-thumb\" alt=\"\" \/><\/a>\n            <\/dt><\/dl><dl class='gallery-item'>\n            <dt class='gallery-icon'>\n                <a href='http:\/\/miel-de-printemps.net\/WordPress3\/wp-content\/uploads\/2016\/12\/havas-gallery.jpg' title=\"\" data-rl_title=\"\" class=\"rl-gallery-link\" data-rl_caption=\"\" data-rel=\"lightbox-gallery-0\"><img loading=\"lazy\" decoding=\"async\" width=\"480\" height=\"400\" src=\"http:\/\/miel-de-printemps.net\/WordPress3\/wp-content\/uploads\/2016\/12\/havas-gallery-480x400.jpg\" class=\"attachment-gallery-thumb size-gallery-thumb\" alt=\"\" \/><\/a>\n            <\/dt><\/dl><dl class='gallery-item'>\n            <dt class='gallery-icon'>\n                <a href='http:\/\/miel-de-printemps.net\/WordPress3\/wp-content\/uploads\/2016\/12\/manchette-miel-livre.jpg' title=\"\" data-rl_title=\"\" class=\"rl-gallery-link\" data-rl_caption=\"\" data-rel=\"lightbox-gallery-0\"><img loading=\"lazy\" decoding=\"async\" width=\"480\" height=\"400\" src=\"http:\/\/miel-de-printemps.net\/WordPress3\/wp-content\/uploads\/2016\/12\/manchette-miel-livre-480x400.jpg\" class=\"attachment-gallery-thumb size-gallery-thumb\" alt=\"\" srcset=\"http:\/\/miel-de-printemps.net\/WordPress3\/wp-content\/uploads\/2016\/12\/manchette-miel-livre-480x400.jpg 480w, http:\/\/miel-de-printemps.net\/WordPress3\/wp-content\/uploads\/2016\/12\/manchette-miel-livre-300x251.jpg 300w\" sizes=\"(max-width: 480px) 100vw, 480px\" \/><\/a>\n            <\/dt><\/dl><br style=\"clear: both\" \/>\n            <br style='clear: both;' \/>\n        <\/div>\n\n<p>&nbsp;<\/p>\n<hr \/>\n<p>Apr\u00e8s l\u2019exposition \u00abMARQUE-PAGE\u00bb en 2015, Havas Paris pr\u00e9sente \u00abPHOTO-ROMAN\u00bb \u00e0 l\u2019occasion de l\u2019\u00e9dition 2016 des Rencontres de la Photographie d\u2019Arles. Mettre en images des mots, r\u00e9sume assez bien le parti-pris cr\u00e9atif de cette \u00e9dition qui a ralli\u00e9 150 photographes d\u2019horizons divers convi\u00e9s \u00e0 cette carte blanche. Des talents confirm\u00e9s, comme Les Guzman, Thierry Rajic, J\u00e9r\u00f4me Bonnet, Fulvio Bonavia, Luc Valigny, Anoush Abrar, Ronan Guillou\u2026. mais aussi de plus jeunes tels Th\u00e9o Gosselin, Paul Rousteau, Julien+Adrien, Akatre, Laura Bonnefous et <strong>Miel de Printemps<\/strong>\u2026 ont ainsi imag\u00e9 des textes de Charles Bukowski, Murakami, Charles Baudelaire, Andr\u00e9 Breton, Jean-Patrick Manchette, Jean Echenoz, Bret Easton Ellis, Georges Perec\u2026 Au total une quarantaine d\u2019extraits de romans, de po\u00e9sie ou d\u2019essais\u2026a trouv\u00e9 son image pour constituer \u00ab PHOTO ROMAN \u00bb.<br \/>\nPrescripteur et acheteur d\u2019art important sur le march\u00e9 des images pour la publicit\u00e9, l\u2019\u00e9dition ou le digital, Havas Paris est un pr\u00e9sente depuis plus de 10 aux Rencontres d&rsquo;Arles.<\/p>\n<p>Cette play-list PHOTO-ROMAN propose une lecture vid\u00e9o de l&rsquo;exposition int\u00e9grale (45&Prime;) et s\u00e9quenc\u00e9e (s\u00e9rie XX vid\u00e9os).<br \/>\nTextes lus par Edouard Baer, Olivia Bonamy et St\u00e9phane Freiss.<\/p>\n<div class=\"ezcol ezcol-one-half\"><strong>Photo Roman<\/strong> | Arles Havas Gallery <\/div>\n<p><iframe loading=\"lazy\" width=\"940\" height=\"529\" src=\"https:\/\/www.youtube.com\/embed\/Tm6JXzmBwjY?feature=oembed\" frameborder=\"0\" allowfullscreen><\/iframe><\/p>\n","protected":false},"excerpt":{"rendered":"<p>\u00a0Miel de Pintemps dans le cabinet de curiosit\u00e9s pour l&rsquo;exposition Photo-Roman de la Havas Gallery\u00a0pour les rencontres d&rsquo;Arles 2016 Merci \u00e0 Thierry Grouleaud et S\u00e9verine Morel &nbsp; &nbsp; Apr\u00e8s l\u2019exposition\u2026 <span class=\"read-btn\"><a class=\"read-more\" href=\"http:\/\/miel-de-printemps.net\/WordPress3\/?page_id=2436\">Read More &rarr;<\/a><\/span><\/p>\n","protected":false},"author":1,"featured_media":0,"parent":0,"menu_order":0,"comment_status":"closed","ping_status":"closed","template":"","meta":{"footnotes":""},"class_list":["post-2436","page","type-page","status-publish","hentry"],"_links":{"self":[{"href":"http:\/\/miel-de-printemps.net\/WordPress3\/index.php?rest_route=\/wp\/v2\/pages\/2436"}],"collection":[{"href":"http:\/\/miel-de-printemps.net\/WordPress3\/index.php?rest_route=\/wp\/v2\/pages"}],"about":[{"href":"http:\/\/miel-de-printemps.net\/WordPress3\/index.php?rest_route=\/wp\/v2\/types\/page"}],"author":[{"embeddable":true,"href":"http:\/\/miel-de-printemps.net\/WordPress3\/index.php?rest_route=\/wp\/v2\/users\/1"}],"replies":[{"embeddable":true,"href":"http:\/\/miel-de-printemps.net\/WordPress3\/index.php?rest_route=%2Fwp%2Fv2%2Fcomments&post=2436"}],"version-history":[{"count":9,"href":"http:\/\/miel-de-printemps.net\/WordPress3\/index.php?rest_route=\/wp\/v2\/pages\/2436\/revisions"}],"predecessor-version":[{"id":2503,"href":"http:\/\/miel-de-printemps.net\/WordPress3\/index.php?rest_route=\/wp\/v2\/pages\/2436\/revisions\/2503"}],"wp:attachment":[{"href":"http:\/\/miel-de-printemps.net\/WordPress3\/index.php?rest_route=%2Fwp%2Fv2%2Fmedia&parent=2436"}],"curies":[{"name":"wp","href":"https:\/\/api.w.org\/{rel}","templated":true}]}}